{"id":33,"date":"2018-11-27T09:17:08","date_gmt":"2018-11-27T09:17:08","guid":{"rendered":"https:\/\/websitedemos.net\/discover-outdoors\/?page_id=5"},"modified":"2020-12-25T19:12:00","modified_gmt":"2020-12-25T17:12:00","slug":"about","status":"publish","type":"page","link":"https:\/\/elabs.fi\/fi\/about\/","title":{"rendered":"Meist\u00e4"},"content":{"rendered":"<div data-elementor-type=\"wp-post\" data-elementor-id=\"33\" class=\"elementor elementor-33\">\n\t\t\t\t\t\t<section class=\"elementor-section elementor-top-section elementor-element elementor-element-d7d8b56 elementor-section-boxed elementor-section-height-default elementor-section-height-default\" data-id=\"d7d8b56\" data-element_type=\"section\" data-e-type=\"section\" data-settings=\"{&quot;background_background&quot;:&quot;classic&quot;}\">\n\t\t\t\t\t\t\t<div class=\"elementor-background-overlay\"><\/div>\n\t\t\t\t\t\t\t<div class=\"elementor-container elementor-column-gap-default\">\n\t\t\t\t\t<div class=\"elementor-column elementor-col-33 elementor-top-column elementor-element elementor-element-b3d335b\" data-id=\"b3d335b\" data-element_type=\"column\" data-e-type=\"column\">\n\t\t\t<div class=\"elementor-widget-wrap\">\n\t\t\t\t\t\t\t<\/div>\n\t\t<\/div>\n\t\t\t\t<div class=\"elementor-column elementor-col-33 elementor-top-column elementor-element elementor-element-fd69444\" data-id=\"fd69444\" data-element_type=\"column\" data-e-type=\"column\">\n\t\t\t<div class=\"elementor-widget-wrap elementor-element-populated\">\n\t\t\t\t\t\t<div class=\"elementor-element elementor-element-abcc2f2 elementor-widget elementor-widget-heading\" data-id=\"abcc2f2\" data-element_type=\"widget\" data-e-type=\"widget\" data-widget_type=\"heading.default\">\n\t\t\t\t<div class=\"elementor-widget-container\">\n\t\t\t\t\t<h1 class=\"elementor-heading-title elementor-size-default\">Keit\u00e4 olemme?<\/h1>\t\t\t\t<\/div>\n\t\t\t\t<\/div>\n\t\t\t\t\t<\/div>\n\t\t<\/div>\n\t\t\t\t<div class=\"elementor-column elementor-col-33 elementor-top-column elementor-element elementor-element-674669b\" data-id=\"674669b\" data-element_type=\"column\" data-e-type=\"column\">\n\t\t\t<div class=\"elementor-widget-wrap\">\n\t\t\t\t\t\t\t<\/div>\n\t\t<\/div>\n\t\t\t\t\t<\/div>\n\t\t<\/section>\n\t\t\t\t<section class=\"elementor-section elementor-top-section elementor-element elementor-element-5c40d7b elementor-section-boxed elementor-section-height-default elementor-section-height-default\" data-id=\"5c40d7b\" data-element_type=\"section\" data-e-type=\"section\">\n\t\t\t\t\t\t<div class=\"elementor-container elementor-column-gap-default\">\n\t\t\t\t\t<div class=\"elementor-column elementor-col-50 elementor-top-column elementor-element elementor-element-2ebbf9c\" data-id=\"2ebbf9c\" data-element_type=\"column\" data-e-type=\"column\">\n\t\t\t<div class=\"elementor-widget-wrap elementor-element-populated\">\n\t\t\t\t\t\t<div class=\"elementor-element elementor-element-fe195c7 elementor-widget elementor-widget-heading\" data-id=\"fe195c7\" data-element_type=\"widget\" data-e-type=\"widget\" data-widget_type=\"heading.default\">\n\t\t\t\t<div class=\"elementor-widget-container\">\n\t\t\t\t\t<h2 class=\"elementor-heading-title elementor-size-default\">Lyhyt historia<\/h2>\t\t\t\t<\/div>\n\t\t\t\t<\/div>\n\t\t\t\t<div class=\"elementor-element elementor-element-dc051dd elementor-widget-divider--view-line elementor-widget elementor-widget-divider\" data-id=\"dc051dd\" data-element_type=\"widget\" data-e-type=\"widget\" data-widget_type=\"divider.default\">\n\t\t\t\t<div class=\"elementor-widget-container\">\n\t\t\t\t\t\t\t<div class=\"elementor-divider\">\n\t\t\t<span class=\"elementor-divider-separator\">\n\t\t\t\t\t\t<\/span>\n\t\t<\/div>\n\t\t\t\t\t\t<\/div>\n\t\t\t\t<\/div>\n\t\t\t\t<div class=\"elementor-element elementor-element-e5f497e elementor-widget elementor-widget-text-editor\" data-id=\"e5f497e\" data-element_type=\"widget\" data-e-type=\"widget\" data-widget_type=\"text-editor.default\">\n\t\t\t\t<div class=\"elementor-widget-container\">\n\t\t\t\t\t\t\t\t\t<p>eLabs Oy Engineering perustettiin vuonna 2010. Yrityksen nimi tulee sanoista Embeded (sulautetut) Laboratory (laboratorio) Systems (j\u00e4rjestelm\u00e4t) ja se kuvastaa eritt\u00e4in osuvasti sit\u00e4, mit\u00e4 tuolloin teimme. Perustajaj\u00e4sen Kalle Salonen (DI) ty\u00f6skenteli tuolloin tutkijana Helsingin teknillisess\u00e4 korkeakoulussa ja hy\u00f6dynsi omavalmisteisia sulautettuja j\u00e4rjestelmi\u00e4 laboratoriolaitteiden automatisointiin ja tiedonkeruuseen. Noihin aikoihin kehittelimme my\u00f6s modulaarista laitekonseptia nesteiden k\u00e4sittelyyn,<\/p><p>Tulevina vuosina keskityimme kehitt\u00e4m\u00e4\u00e4n ohjelmistoalustaa jonka avulla olisi mahdollista kehitt\u00e4\u00e4 nopeasti ohjelmistoja erityisesti laboratorioautomaation saralla. T\u00e4m\u00e4 osa-alue on edelleen keskeinen osa toimintaamme.<\/p><p>Kuluneiden vuosien ja monien projektien my\u00f6t\u00e4 olemme hankkineet kokemusta lukuisilta teollisuuden ja tieteen aloilta. Toki aina l\u00f6ytyy jotain opittavaa ja se on t\u00e4m\u00e4n ty\u00f6n suola. Olemme vuosien mittaan l\u00f6yt\u00e4neet lukuisia luotettavia yhteisty\u00f6kumppaneita ja tavaran toimittajia. T\u00e4m\u00e4 on my\u00f6s yksi syy miksi min\u00e4 (kuvan kaveri) k\u00e4yt\u00e4n mielell\u00e4ni \"me\" sanaa. Toinen merkitt\u00e4v\u00e4 syy on se ett\u00e4 <span class=\"tlid-translation translation\" lang=\"en\"><span class=\"\" title=\"\">yritt\u00e4j\u00e4 tarvitsee aina taustajoukkoja ja olen kiitollinen ett\u00e4 perheeni toimii t\u00e4ss\u00e4 asemassa.<br \/><\/span><\/span><\/p>\t\t\t\t\t\t\t\t<\/div>\n\t\t\t\t<\/div>\n\t\t\t\t\t<\/div>\n\t\t<\/div>\n\t\t\t\t<div class=\"elementor-column elementor-col-50 elementor-top-column elementor-element elementor-element-e5fdae0\" data-id=\"e5fdae0\" data-element_type=\"column\" data-e-type=\"column\">\n\t\t\t<div class=\"elementor-widget-wrap elementor-element-populated\">\n\t\t\t\t\t\t<div class=\"elementor-element elementor-element-a1e82aa elementor-widget elementor-widget-image\" data-id=\"a1e82aa\" data-element_type=\"widget\" data-e-type=\"widget\" data-widget_type=\"image.default\">\n\t\t\t\t<div class=\"elementor-widget-container\">\n\t\t\t\t\t\t\t\t\t\t\t\t\t\t\t<img fetchpriority=\"high\" decoding=\"async\" width=\"1024\" height=\"576\" src=\"https:\/\/i0.wp.com\/elabs.fi\/wp-content\/uploads\/2020\/07\/laptop-break-coffee-1209008.jpg?fit=1024%2C576&amp;ssl=1\" class=\"attachment-large size-large wp-image-1538\" alt=\"laptop, break, coffee\" srcset=\"https:\/\/i0.wp.com\/elabs.fi\/wp-content\/uploads\/2020\/07\/laptop-break-coffee-1209008.jpg?w=1280&amp;ssl=1 1280w, https:\/\/i0.wp.com\/elabs.fi\/wp-content\/uploads\/2020\/07\/laptop-break-coffee-1209008.jpg?resize=600%2C338&amp;ssl=1 600w, https:\/\/i0.wp.com\/elabs.fi\/wp-content\/uploads\/2020\/07\/laptop-break-coffee-1209008.jpg?resize=300%2C169&amp;ssl=1 300w, https:\/\/i0.wp.com\/elabs.fi\/wp-content\/uploads\/2020\/07\/laptop-break-coffee-1209008.jpg?resize=1024%2C576&amp;ssl=1 1024w, https:\/\/i0.wp.com\/elabs.fi\/wp-content\/uploads\/2020\/07\/laptop-break-coffee-1209008.jpg?resize=768%2C432&amp;ssl=1 768w\" sizes=\"(max-width: 1024px) 100vw, 1024px\" \/>\t\t\t\t\t\t\t\t\t\t\t\t\t\t\t<\/div>\n\t\t\t\t<\/div>\n\t\t\t\t\t<\/div>\n\t\t<\/div>\n\t\t\t\t\t<\/div>\n\t\t<\/section>\n\t\t\t\t<\/div>","protected":false},"excerpt":{"rendered":"<p>Who We Are? Brief History eLabs Oy Engineering was founded in 2010. The name comes from the words Embedded Laboratory Systems and it highlights what we were doing back then. Founder member Kalle Salonen (M.Sc.) was working as a researcher in the Helsinki University of Technology and was aplying homemade embedded systems in order to [&hellip;]<\/p>\n","protected":false},"author":1,"featured_media":0,"parent":0,"menu_order":0,"comment_status":"closed","ping_status":"closed","template":"","meta":{"site-sidebar-layout":"no-sidebar","site-content-layout":"page-builder","ast-site-content-layout":"default","site-content-style":"default","site-sidebar-style":"default","ast-global-header-display":"","ast-banner-title-visibility":"","ast-main-header-display":"","ast-hfb-above-header-display":"","ast-hfb-below-header-display":"","ast-hfb-mobile-header-display":"","site-post-title":"disabled","ast-breadcrumbs-content":"","ast-featured-img":"disabled","footer-sml-layout":"","ast-disable-related-posts":"","theme-transparent-header-meta":"enabled","adv-header-id-meta":"","stick-header-meta":"","header-above-stick-meta":"","header-main-stick-meta":"","header-below-stick-meta":"","astra-migrate-meta-layouts":"default","ast-page-background-enabled":"default","ast-page-background-meta":{"desktop":{"background-color":"","background-image":"","background-repeat":"repeat","background-position":"center center","background-size":"auto","background-attachment":"scroll","background-type":"","background-media":"","overlay-type":"","overlay-color":"","overlay-opacity":"","overlay-gradient":""},"tablet":{"background-color":"","background-image":"","background-repeat":"repeat","background-position":"center center","background-size":"auto","background-attachment":"scroll","background-type":"","background-media":"","overlay-type":"","overlay-color":"","overlay-opacity":"","overlay-gradient":""},"mobile":{"background-color":"","background-image":"","background-repeat":"repeat","background-position":"center center","background-size":"auto","background-attachment":"scroll","background-type":"","background-media":"","overlay-type":"","overlay-color":"","overlay-opacity":"","overlay-gradient":""}},"ast-content-background-meta":{"desktop":{"background-color":"var(--ast-global-color-5)","background-image":"","background-repeat":"repeat","background-position":"center center","background-size":"auto","background-attachment":"scroll","background-type":"","background-media":"","overlay-type":"","overlay-color":"","overlay-opacity":"","overlay-gradient":""},"tablet":{"background-color":"var(--ast-global-color-5)","background-image":"","background-repeat":"repeat","background-position":"center center","background-size":"auto","background-attachment":"scroll","background-type":"","background-media":"","overlay-type":"","overlay-color":"","overlay-opacity":"","overlay-gradient":""},"mobile":{"background-color":"var(--ast-global-color-5)","background-image":"","background-repeat":"repeat","background-position":"center center","background-size":"auto","background-attachment":"scroll","background-type":"","background-media":"","overlay-type":"","overlay-color":"","overlay-opacity":"","overlay-gradient":""}},"footnotes":""},"class_list":["post-33","page","type-page","status-publish","hentry"],"jetpack_sharing_enabled":true,"_links":{"self":[{"href":"https:\/\/elabs.fi\/fi\/wp-json\/wp\/v2\/pages\/33","targetHints":{"allow":["GET"]}}],"collection":[{"href":"https:\/\/elabs.fi\/fi\/wp-json\/wp\/v2\/pages"}],"about":[{"href":"https:\/\/elabs.fi\/fi\/wp-json\/wp\/v2\/types\/page"}],"author":[{"embeddable":true,"href":"https:\/\/elabs.fi\/fi\/wp-json\/wp\/v2\/users\/1"}],"replies":[{"embeddable":true,"href":"https:\/\/elabs.fi\/fi\/wp-json\/wp\/v2\/comments?post=33"}],"version-history":[{"count":16,"href":"https:\/\/elabs.fi\/fi\/wp-json\/wp\/v2\/pages\/33\/revisions"}],"predecessor-version":[{"id":1691,"href":"https:\/\/elabs.fi\/fi\/wp-json\/wp\/v2\/pages\/33\/revisions\/1691"}],"wp:attachment":[{"href":"https:\/\/elabs.fi\/fi\/wp-json\/wp\/v2\/media?parent=33"}],"curies":[{"name":"wp","href":"https:\/\/api.w.org\/{rel}","templated":true}]}}